{"id":15405,"date":"2015-02-12T13:16:18","date_gmt":"2015-02-12T13:16:18","guid":{"rendered":"http:\/\/demo.qodeinteractive.com\/bridge63\/?page_id=15405"},"modified":"2019-12-18T16:11:35","modified_gmt":"2019-12-18T15:11:35","slug":"blog","status":"publish","type":"page","link":"https:\/\/www.navatisk.cz\/?page_id=15405","title":{"rendered":"P\u0159\u00edsp\u011bvky"},"content":{"rendered":"","protected":false},"excerpt":{"rendered":"","protected":false},"author":1,"featured_media":0,"parent":0,"menu_order":0,"comment_status":"open","ping_status":"closed","template":"blog-small-image.php","meta":{"footnotes":""},"class_list":["post-15405","page","type-page","status-publish","hentry"],"_links":{"self":[{"href":"https:\/\/www.navatisk.cz\/index.php?rest_route=\/wp\/v2\/pages\/15405","targetHints":{"allow":["GET"]}}],"collection":[{"href":"https:\/\/www.navatisk.cz\/index.php?rest_route=\/wp\/v2\/pages"}],"about":[{"href":"https:\/\/www.navatisk.cz\/index.php?rest_route=\/wp\/v2\/types\/page"}],"author":[{"embeddable":true,"href":"https:\/\/www.navatisk.cz\/index.php?rest_route=\/wp\/v2\/users\/1"}],"replies":[{"embeddable":true,"href":"https:\/\/www.navatisk.cz\/index.php?rest_route=%2Fwp%2Fv2%2Fcomments&post=15405"}],"version-history":[{"count":1,"href":"https:\/\/www.navatisk.cz\/index.php?rest_route=\/wp\/v2\/pages\/15405\/revisions"}],"predecessor-version":[{"id":17821,"href":"https:\/\/www.navatisk.cz\/index.php?rest_route=\/wp\/v2\/pages\/15405\/revisions\/17821"}],"wp:attachment":[{"href":"https:\/\/www.navatisk.cz\/index.php?rest_route=%2Fwp%2Fv2%2Fmedia&parent=15405"}],"curies":[{"name":"wp","href":"https:\/\/api.w.org\/{rel}","templated":true}]}}