{"id":17882,"date":"2019-12-19T12:29:32","date_gmt":"2019-12-19T11:29:32","guid":{"rendered":"http:\/\/new.navatisk.cz\/?page_id=17882"},"modified":"2023-09-08T16:25:52","modified_gmt":"2023-09-08T14:25:52","slug":"kontakt","status":"publish","type":"page","link":"https:\/\/www.navatisk.cz\/?page_id=17882","title":{"rendered":"Kontakt"},"content":{"rendered":"<p>[vc_row css_animation=&#8220;&#8220; row_type=&#8220;row&#8220; use_row_as_full_screen_section=&#8220;no&#8220; type=&#8220;full_width&#8220; angled_section=&#8220;no&#8220; text_align=&#8220;left&#8220; background_image_as_pattern=&#8220;without_pattern&#8220;][vc_column][vc_gmaps link=&#8220;#E-8_JTNDaWZyYW1lJTIwc3JjJTNEJTIyaHR0cHMlM0ElMkYlMkZ3d3cuZ29vZ2xlLmNvbSUyRm1hcHMlMkZlbWJlZCUzRnBiJTNEJTIxMW0xOCUyMTFtMTIlMjExbTMlMjExZDQxMy40MzIzNjIxNzQ3MTA0JTIxMmQxMy4zODY0NDk2MzU2NzgyNTIlMjEzZDQ5Ljc0NTIyMDA0NDEzMDEzNiUyMTJtMyUyMTFmMCUyMTJmMCUyMTNmMCUyMTNtMiUyMTFpMTAyNCUyMTJpNzY4JTIxNGYxMy4xJTIxM20zJTIxMW0yJTIxMXMweDQ3MGFmMWU2NGQ3Y2QyNjklMjUzQTB4MmUzNDRkYWZlYzFmNjE2NSUyMTJzVGlzayUyNUMzJTI1QTFybmElMjUyMEV1cm9ub3ZhJTIxNWUwJTIxM20yJTIxMXNjcyUyMTJzY3olMjE0djE2ODMxMjA5NzIxNDIlMjE1bTIlMjExc2NzJTIxMnNjeiUyMiUyMHdpZHRoJTNEJTIyNjAwJTIyJTIwaGVpZ2h0JTNEJTIyNDUwJTIyJTIwc3R5bGUlM0QlMjJib3JkZXIlM0EwJTNCJTIyJTIwYWxsb3dmdWxsc2NyZWVuJTNEJTIyJTIyJTIwbG9hZGluZyUzRCUyMmxhenklMjIlMjByZWZlcnJlcnBvbGljeSUzRCUyMm5vLXJlZmVycmVyLXdoZW4tZG93bmdyYWRlJTIyJTNFJTNDJTJGaWZyYW1lJTNF&#8220;][\/vc_column][\/vc_row][vc_row css_animation=&#8220;&#8220; row_type=&#8220;row&#8220; use_row_as_full_screen_section=&#8220;no&#8220; type=&#8220;full_width&#8220; angled_section=&#8220;no&#8220; text_align=&#8220;left&#8220; background_image_as_pattern=&#8220;without_pattern&#8220;][vc_column][vc_separator type=&#8220;transparent&#8220; up=&#8220;20&#8243; down=&#8220;20&#8243;][\/vc_column][\/vc_row][vc_row css_animation=&#8220;&#8220; row_type=&#8220;row&#8220; use_row_as_full_screen_section=&#8220;no&#8220; type=&#8220;full_width&#8220; angled_section=&#8220;no&#8220; text_align=&#8220;left&#8220; background_image_as_pattern=&#8220;without_pattern&#8220;][vc_column][vc_column_text]<strong>NAVA Tisk s.r.o.<\/strong><br \/>\nI\u010c: 06937128<br \/>\nse s\u00eddlem N\u00e1dra\u017en\u00ed 2744\/14, V\u00fdchodn\u00ed P\u0159edm\u011bst\u00ed, 301 00 Plze\u0148<br \/>\nzaps\u00e1na v obchodn\u00edm rejst\u0159\u00edku veden\u00e9m Krajsk\u00fdm soudem v Plzni,<br \/>\nodd\u00edl C, vlo\u017eka 36016. Zastoupen\u00e1 jednatelem Mgr. Martinem Ko\u010dou a Radkem Nov\u00e1kem<\/p>\n<p>&nbsp;<\/p>\n<p><strong>Kontakt:<br \/>\n<\/strong><\/p>\n<p>Ivana Krotilov\u00e1<br \/>\nE-mail: <a href=\"mailto:krotilova@navatisk.cz\" data-linkindex=\"2\">krotilova@navatisk.cz<\/a><br \/>\nTelefon: +420 724 324 443[\/vc_column_text][\/vc_column][\/vc_row][vc_row css_animation=&#8220;&#8220; row_type=&#8220;row&#8220; use_row_as_full_screen_section=&#8220;no&#8220; type=&#8220;full_width&#8220; angled_section=&#8220;no&#8220; text_align=&#8220;left&#8220; background_image_as_pattern=&#8220;without_pattern&#8220;][vc_column][vc_separator type=&#8220;transparent&#8220; up=&#8220;30&#8243; down=&#8220;20&#8243;][\/vc_column][\/vc_row]<\/p>\n","protected":false},"excerpt":{"rendered":"<p>[vc_row css_animation=&#8220;&#8220; row_type=&#8220;row&#8220; use_row_as_full_screen_section=&#8220;no&#8220; type=&#8220;full_width&#8220; angled_section=&#8220;no&#8220; text_align=&#8220;left&#8220; background_image_as_pattern=&#8220;without_pattern&#8220;][vc_column][vc_gmaps link=&#8220;#E-8_JTNDaWZyYW1lJTIwc3JjJTNEJTIyaHR0cHMlM0ElMkYlMkZ3d3cuZ29vZ2xlLmNvbSUyRm1hcHMlMkZlbWJlZCUzRnBiJTNEJTIxMW0xOCUyMTFtMTIlMjExbTMlMjExZDQxMy40MzIzNjIxNzQ3MTA0JTIxMmQxMy4zODY0NDk2MzU2NzgyNTIlMjEzZDQ5Ljc0NTIyMDA0NDEzMDEzNiUyMTJtMyUyMTFmMCUyMTJmMCUyMTNmMCUyMTNtMiUyMTFpMTAyNCUyMTJpNzY4JTIxNGYxMy4xJTIxM20zJTIxMW0yJTIxMXMweDQ3MGFmMWU2NGQ3Y2QyNjklMjUzQTB4MmUzNDRkYWZlYzFmNjE2NSUyMTJzVGlzayUyNUMzJTI1QTFybmElMjUyMEV1cm9ub3ZhJTIxNWUwJTIxM20yJTIxMXNjcyUyMTJzY3olMjE0djE2ODMxMjA5NzIxNDIlMjE1bTIlMjExc2NzJTIxMnNjeiUyMiUyMHdpZHRoJTNEJTIyNjAwJTIyJTIwaGVpZ2h0JTNEJTIyNDUwJTIyJTIwc3R5bGUlM0QlMjJib3JkZXIlM0EwJTNCJTIyJTIwYWxsb3dmdWxsc2NyZWVuJTNEJTIyJTIyJTIwbG9hZGluZyUzRCUyMmxhenklMjIlMjByZWZlcnJlcnBvbGljeSUzRCUyMm5vLXJlZmVycmVyLXdoZW4tZG93bmdyYWRlJTIyJTNFJTNDJTJGaWZyYW1lJTNF&#8220;][\/vc_column][\/vc_row][vc_row css_animation=&#8220;&#8220; row_type=&#8220;row&#8220; use_row_as_full_screen_section=&#8220;no&#8220; type=&#8220;full_width&#8220; angled_section=&#8220;no&#8220; text_align=&#8220;left&#8220; background_image_as_pattern=&#8220;without_pattern&#8220;][vc_column][vc_separator type=&#8220;transparent&#8220; up=&#8220;20&#8243; down=&#8220;20&#8243;][\/vc_column][\/vc_row][vc_row css_animation=&#8220;&#8220; row_type=&#8220;row&#8220; use_row_as_full_screen_section=&#8220;no&#8220; type=&#8220;full_width&#8220; angled_section=&#8220;no&#8220; text_align=&#8220;left&#8220; background_image_as_pattern=&#8220;without_pattern&#8220;][vc_column][vc_column_text]NAVA Tisk s.r.o. I\u010c: 06937128 se s\u00eddlem N\u00e1dra\u017en\u00ed 2744\/14, V\u00fdchodn\u00ed P\u0159edm\u011bst\u00ed, 301 00 Plze\u0148 zaps\u00e1na v obchodn\u00edm rejst\u0159\u00edku veden\u00e9m Krajsk\u00fdm soudem v Plzni, odd\u00edl C, vlo\u017eka 36016. Zastoupen\u00e1 jednatelem Mgr. Martinem Ko\u010dou a Radkem Nov\u00e1kem&#8230;<\/p>\n","protected":false},"author":2,"featured_media":0,"parent":0,"menu_order":0,"comment_status":"closed","ping_status":"closed","template":"","meta":{"footnotes":""},"class_list":["post-17882","page","type-page","status-publish","hentry"],"_links":{"self":[{"href":"https:\/\/www.navatisk.cz\/index.php?rest_route=\/wp\/v2\/pages\/17882","targetHints":{"allow":["GET"]}}],"collection":[{"href":"https:\/\/www.navatisk.cz\/index.php?rest_route=\/wp\/v2\/pages"}],"about":[{"href":"https:\/\/www.navatisk.cz\/index.php?rest_route=\/wp\/v2\/types\/page"}],"author":[{"embeddable":true,"href":"https:\/\/www.navatisk.cz\/index.php?rest_route=\/wp\/v2\/users\/2"}],"replies":[{"embeddable":true,"href":"https:\/\/www.navatisk.cz\/index.php?rest_route=%2Fwp%2Fv2%2Fcomments&post=17882"}],"version-history":[{"count":15,"href":"https:\/\/www.navatisk.cz\/index.php?rest_route=\/wp\/v2\/pages\/17882\/revisions"}],"predecessor-version":[{"id":18039,"href":"https:\/\/www.navatisk.cz\/index.php?rest_route=\/wp\/v2\/pages\/17882\/revisions\/18039"}],"wp:attachment":[{"href":"https:\/\/www.navatisk.cz\/index.php?rest_route=%2Fwp%2Fv2%2Fmedia&parent=17882"}],"curies":[{"name":"wp","href":"https:\/\/api.w.org\/{rel}","templated":true}]}}